	{"id":322,"date":"2025-01-10T20:51:28","date_gmt":"2025-01-10T17:51:28","guid":{"rendered":"https:\/\/photographermarbellagala.com\/?page_id=322"},"modified":"2025-01-10T20:53:03","modified_gmt":"2025-01-10T17:53:03","slug":"blog","status":"publish","type":"page","link":"https:\/\/photographermarbellagala.com\/es\/blog\/","title":{"rendered":"BLOG OF PHOTOGRAPHER IN BARCELONA"},"content":{"rendered":"\n<p>Coming SOON&#8230;<\/p>\n\n\n\n<p>There are no articles in this category. If subcategories display on this page, they may have articles.<\/p>\n","protected":false},"excerpt":{"rendered":"<p>Coming SOON&#8230; There are no articles in this category. If subcategories display on this page, they may have articles.<\/p>\n","protected":false},"author":1,"featured_media":0,"parent":0,"menu_order":0,"comment_status":"closed","ping_status":"closed","template":"","meta":{"_acf_changed":false,"footnotes":""},"class_list":["post-322","page","type-page","status-publish","hentry"],"acf":[],"yoast_head":"<!-- This site is optimized with the Yoast SEO plugin v24.2 - https:\/\/yoast.com\/wordpress\/plugins\/seo\/ -->\n<title>BLOG OF PHOTOGRAPHER IN BARCELONA - Fot\u00f3grafo Marbella Gala - Costa del Sol, Fotograf\u00eda M\u00e1laga<\/title>\n<meta name=\"robots\" content=\"index, follow, max-snippet:-1, max-image-preview:large, max-video-preview:-1\" \/>\n<link rel=\"canonical\" href=\"https:\/\/photographermarbellagala.com\/es\/blog\/\" \/>\n<meta property=\"og:locale\" content=\"es_ES\" \/>\n<meta property=\"og:locale:alternate\" content=\"en_ES\" \/>\n<meta property=\"og:locale:alternate\" content=\"ru_ES\" \/>\n<meta property=\"og:type\" content=\"article\" \/>\n<meta property=\"og:title\" content=\"BLOG OF PHOTOGRAPHER IN BARCELONA\" \/>\n<meta property=\"og:description\" content=\"Professional Photographer in Marbella, Malaga - Costa del Sol \ud83d\udcf8 Book you dream photo shoot by Gala Photography\" \/>\n<meta property=\"og:url\" content=\"https:\/\/photographermarbellagala.com\/es\/blog\/\" \/>\n<meta property=\"og:site_name\" content=\"Fot\u00f3grafo Marbella Gala - Costa del Sol, Fotograf\u00eda M\u00e1laga\" \/>\n<meta property=\"article:modified_time\" content=\"2025-01-10T17:53:03+00:00\" \/>\n<meta property=\"og:image\" content=\"https:\/\/photographermarbellagala.com\/wp-content\/uploads\/2025\/01\/DSC_0022.jpg\" \/>\n\t<meta property=\"og:image:width\" content=\"2500\" \/>\n\t<meta property=\"og:image:height\" content=\"1669\" \/>\n\t<meta property=\"og:image:type\" content=\"image\/jpeg\" \/>\n<meta name=\"twitter:card\" content=\"summary_large_image\" \/>\n<script type=\"application\/ld+json\" class=\"yoast-schema-graph\">{\"@context\":\"https:\/\/schema.org\",\"@graph\":[{\"@type\":\"WebPage\",\"@id\":\"https:\/\/photographermarbellagala.com\/blog\/\",\"url\":\"https:\/\/photographermarbellagala.com\/blog\/\",\"name\":\"BLOG OF PHOTOGRAPHER IN BARCELONA\",\"isPartOf\":{\"@id\":\"https:\/\/photographermarbellagala.com\/#website\"},\"datePublished\":\"2025-01-10T17:51:28+00:00\",\"dateModified\":\"2025-01-10T17:53:03+00:00\",\"description\":\"Professional Photographer in Marbella, Malaga - Costa del Sol \ud83d\udcf8 Book you dream photo shoot by Gala Photography\",\"breadcrumb\":{\"@id\":\"https:\/\/photographermarbellagala.com\/blog\/#breadcrumb\"},\"inLanguage\":\"es-ES\",\"potentialAction\":[{\"@type\":\"ReadAction\",\"target\":[\"https:\/\/photographermarbellagala.com\/blog\/\"]}]},{\"@type\":\"BreadcrumbList\",\"@id\":\"https:\/\/photographermarbellagala.com\/blog\/#breadcrumb\",\"itemListElement\":[{\"@type\":\"ListItem\",\"position\":1,\"name\":\"\u0413\u043b\u0430\u0432\u043d\u0430\u044f \u0441\u0442\u0440\u0430\u043d\u0438\u0446\u0430\",\"item\":\"https:\/\/photographermarbellagala.com\/\"},{\"@type\":\"ListItem\",\"position\":2,\"name\":\"BLOG OF PHOTOGRAPHER IN BARCELONA\"}]},{\"@type\":\"WebSite\",\"@id\":\"https:\/\/photographermarbellagala.com\/#website\",\"url\":\"https:\/\/photographermarbellagala.com\/\",\"name\":\"Photographer Marbella Gala - Costa del Sol, Malaga Photography\",\"description\":\"Professional Photographer in Marbella, Malaga - Costa del Sol \ud83d\udcf8 Book you dream photo shoot by Gala Photography. Family, Wedding photographer\",\"publisher\":{\"@id\":\"https:\/\/photographermarbellagala.com\/#organization\"},\"alternateName\":\"Photographer Marbella Gala - Costa del Sol, Malaga Photography\",\"potentialAction\":[{\"@type\":\"SearchAction\",\"target\":{\"@type\":\"EntryPoint\",\"urlTemplate\":\"https:\/\/photographermarbellagala.com\/?s={search_term_string}\"},\"query-input\":{\"@type\":\"PropertyValueSpecification\",\"valueRequired\":true,\"valueName\":\"search_term_string\"}}],\"inLanguage\":\"es-ES\"},{\"@type\":\"Organization\",\"@id\":\"https:\/\/photographermarbellagala.com\/#organization\",\"name\":\"Photographer Marbella Gala - Costa del Sol, Malaga Photography\",\"url\":\"https:\/\/photographermarbellagala.com\/\",\"logo\":{\"@type\":\"ImageObject\",\"inLanguage\":\"es-ES\",\"@id\":\"https:\/\/photographermarbellagala.com\/#\/schema\/logo\/image\/\",\"url\":\"https:\/\/photographermarbellagala.com\/wp-content\/uploads\/2026\/03\/marbella-photographer.png\",\"contentUrl\":\"https:\/\/photographermarbellagala.com\/wp-content\/uploads\/2026\/03\/marbella-photographer.png\",\"width\":1536,\"height\":1024,\"caption\":\"Photographer Marbella Gala - Costa del Sol, Malaga Photography\"},\"image\":{\"@id\":\"https:\/\/photographermarbellagala.com\/#\/schema\/logo\/image\/\"}}]}<\/script>\n<!-- \/ Yoast SEO plugin. -->","yoast_head_json":{"title":"BLOG OF PHOTOGRAPHER IN BARCELONA - Fot\u00f3grafo Marbella Gala - Costa del Sol, Fotograf\u00eda M\u00e1laga","robots":{"index":"index","follow":"follow","max-snippet":"max-snippet:-1","max-image-preview":"max-image-preview:large","max-video-preview":"max-video-preview:-1"},"canonical":"https:\/\/photographermarbellagala.com\/es\/blog\/","og_locale":"es_ES","og_type":"article","og_title":"[:en]BLOG OF PHOTOGRAPHER IN BARCELONA[:ru]\u0411\u041b\u041e\u0413 \u0424\u041e\u0422\u041e\u0413\u0420\u0410\u0424\u0410 \u0412 \u0411\u0410\u0420\u0421\u0415\u041b\u041e\u041d\u0415[:] - Fot\u00f3grafo Marbella Gala - Costa del Sol, Fotograf\u00eda M\u00e1laga","og_description":"Professional Photographer in Marbella, Malaga - Costa del Sol \ud83d\udcf8 Book you dream photo shoot by Gala Photography","og_url":"https:\/\/photographermarbellagala.com\/es\/blog\/","og_site_name":"Fot\u00f3grafo Marbella Gala - Costa del Sol, Fotograf\u00eda M\u00e1laga","article_modified_time":"2025-01-10T17:53:03+00:00","og_image":[{"width":2500,"height":1669,"url":"https:\/\/photographermarbellagala.com\/wp-content\/uploads\/2025\/01\/DSC_0022.jpg","type":"image\/jpeg"}],"twitter_card":"summary_large_image","schema":{"@context":"https:\/\/schema.org","@graph":[{"@type":"WebPage","@id":"https:\/\/photographermarbellagala.com\/blog\/","url":"https:\/\/photographermarbellagala.com\/blog\/","name":"BLOG OF PHOTOGRAPHER IN BARCELONA","isPartOf":{"@id":"https:\/\/photographermarbellagala.com\/#website"},"datePublished":"2025-01-10T17:51:28+00:00","dateModified":"2025-01-10T17:53:03+00:00","description":"Professional Photographer in Marbella, Malaga - Costa del Sol \ud83d\udcf8 Book you dream photo shoot by Gala Photography","breadcrumb":{"@id":"https:\/\/photographermarbellagala.com\/blog\/#breadcrumb"},"inLanguage":"es-ES","potentialAction":[{"@type":"ReadAction","target":["https:\/\/photographermarbellagala.com\/blog\/"]}]},{"@type":"BreadcrumbList","@id":"https:\/\/photographermarbellagala.com\/blog\/#breadcrumb","itemListElement":[{"@type":"ListItem","position":1,"name":"\u0413\u043b\u0430\u0432\u043d\u0430\u044f \u0441\u0442\u0440\u0430\u043d\u0438\u0446\u0430","item":"https:\/\/photographermarbellagala.com\/"},{"@type":"ListItem","position":2,"name":"BLOG OF PHOTOGRAPHER IN BARCELONA"}]},{"@type":"WebSite","@id":"https:\/\/photographermarbellagala.com\/#website","url":"https:\/\/photographermarbellagala.com\/","name":"Photographer Marbella Gala - Costa del Sol, Malaga Photography","description":"Professional Photographer in Marbella, Malaga - Costa del Sol \ud83d\udcf8 Book you dream photo shoot by Gala Photography. Family, Wedding photographer","publisher":{"@id":"https:\/\/photographermarbellagala.com\/#organization"},"alternateName":"Photographer Marbella Gala - Costa del Sol, Malaga Photography","potentialAction":[{"@type":"SearchAction","target":{"@type":"EntryPoint","urlTemplate":"https:\/\/photographermarbellagala.com\/?s={search_term_string}"},"query-input":{"@type":"PropertyValueSpecification","valueRequired":true,"valueName":"search_term_string"}}],"inLanguage":"es-ES"},{"@type":"Organization","@id":"https:\/\/photographermarbellagala.com\/#organization","name":"Photographer Marbella Gala - Costa del Sol, Malaga Photography","url":"https:\/\/photographermarbellagala.com\/","logo":{"@type":"ImageObject","inLanguage":"es-ES","@id":"https:\/\/photographermarbellagala.com\/#\/schema\/logo\/image\/","url":"https:\/\/photographermarbellagala.com\/wp-content\/uploads\/2026\/03\/marbella-photographer.png","contentUrl":"https:\/\/photographermarbellagala.com\/wp-content\/uploads\/2026\/03\/marbella-photographer.png","width":1536,"height":1024,"caption":"Photographer Marbella Gala - Costa del Sol, Malaga Photography"},"image":{"@id":"https:\/\/photographermarbellagala.com\/#\/schema\/logo\/image\/"}}]}},"_links":{"self":[{"href":"https:\/\/photographermarbellagala.com\/es\/wp-json\/wp\/v2\/pages\/322","targetHints":{"allow":["GET"]}}],"collection":[{"href":"https:\/\/photographermarbellagala.com\/es\/wp-json\/wp\/v2\/pages"}],"about":[{"href":"https:\/\/photographermarbellagala.com\/es\/wp-json\/wp\/v2\/types\/page"}],"author":[{"embeddable":true,"href":"https:\/\/photographermarbellagala.com\/es\/wp-json\/wp\/v2\/users\/1"}],"replies":[{"embeddable":true,"href":"https:\/\/photographermarbellagala.com\/es\/wp-json\/wp\/v2\/comments?post=322"}],"version-history":[{"count":3,"href":"https:\/\/photographermarbellagala.com\/es\/wp-json\/wp\/v2\/pages\/322\/revisions"}],"predecessor-version":[{"id":325,"href":"https:\/\/photographermarbellagala.com\/es\/wp-json\/wp\/v2\/pages\/322\/revisions\/325"}],"wp:attachment":[{"href":"https:\/\/photographermarbellagala.com\/es\/wp-json\/wp\/v2\/media?parent=322"}],"curies":[{"name":"wp","href":"https:\/\/api.w.org\/{rel}","templated":true}]}}