	{"id":31,"date":"2024-12-29T00:48:45","date_gmt":"2024-12-28T21:48:45","guid":{"rendered":"https:\/\/test5.starsoft.website\/?page_id=31"},"modified":"2025-03-14T17:57:10","modified_gmt":"2025-03-14T14:57:10","slug":"contact","status":"publish","type":"page","link":"https:\/\/photographermarbellagala.com\/es\/contact\/","title":{"rendered":"Contacto"},"content":{"rendered":"\n<h1 class=\"wp-block-heading has-text-align-center\">Contactar con!<br>Fot\u00f3grafo en Barcelona<\/h1>\n","protected":false},"excerpt":{"rendered":"<p>Contactar con!Fot\u00f3grafo en Barcelona<\/p>\n","protected":false},"author":1,"featured_media":0,"parent":0,"menu_order":0,"comment_status":"closed","ping_status":"closed","template":"contact.php","meta":{"_acf_changed":false,"footnotes":""},"class_list":["post-31","page","type-page","status-publish","hentry"],"acf":[],"yoast_head":"<!-- This site is optimized with the Yoast SEO plugin v24.2 - https:\/\/yoast.com\/wordpress\/plugins\/seo\/ -->\n<title>Fot\u00f3grafo Marbella Gala - Costa del Sol, Fotograf\u00eda M\u00e1lagaGala - Costa del Sol, Malaga Ptotography<\/title>\n<meta name=\"robots\" content=\"index, follow, max-snippet:-1, max-image-preview:large, max-video-preview:-1\" \/>\n<link rel=\"canonical\" href=\"https:\/\/photographermarbellagala.com\/es%5B:en%5D\/contact\/%5B:%5D\" \/>\n<meta property=\"og:locale\" content=\"es_ES\" \/>\n<meta property=\"og:locale:alternate\" content=\"en_ES\" \/>\n<meta property=\"og:locale:alternate\" content=\"ru_ES\" \/>\n<meta property=\"og:type\" content=\"article\" \/>\n<meta property=\"og:title\" content=\"Fot\u00f3grafo Marbella Gala - Costa del Sol, Fotograf\u00eda M\u00e1lagaGala - Costa del Sol, Malaga Ptotography\" \/>\n<meta property=\"og:description\" content=\"Professional Photographer in Marbella, Malaga - Costa del Sol \ud83d\udcf8 Book you dream photo shoot by Gala Photography\" \/>\n<meta property=\"og:url\" content=\"https:\/\/photographermarbellagala.com\/es\/contact\/\" \/>\n<meta property=\"og:site_name\" content=\"Fot\u00f3grafo Marbella Gala - Costa del Sol, Fotograf\u00eda M\u00e1laga\" \/>\n<meta property=\"article:modified_time\" content=\"2025-03-14T14:57:10+00:00\" \/>\n<meta property=\"og:image\" content=\"https:\/\/photographermarbellagala.com\/wp-content\/uploads\/2025\/01\/DSC_0022.jpg\" \/>\n\t<meta property=\"og:image:width\" content=\"2500\" \/>\n\t<meta property=\"og:image:height\" content=\"1669\" \/>\n\t<meta property=\"og:image:type\" content=\"image\/jpeg\" \/>\n<meta name=\"twitter:card\" content=\"summary_large_image\" \/>\n<script type=\"application\/ld+json\" class=\"yoast-schema-graph\">{\"@context\":\"https:\/\/schema.org\",\"@graph\":[{\"@type\":\"WebPage\",\"@id\":\"https:\/\/photographermarbellagala.com\/contact\/\",\"url\":\"https:\/\/photographermarbellagala.com\/contact\/\",\"name\":\"Fot\u00f3grafo Marbella Gala - Costa del Sol, Fotograf\u00eda M\u00e1lagaGala - Costa del Sol, Malaga Ptotography\",\"isPartOf\":{\"@id\":\"https:\/\/photographermarbellagala.com\/#website\"},\"datePublished\":\"2024-12-28T21:48:45+00:00\",\"dateModified\":\"2025-03-14T14:57:10+00:00\",\"description\":\"Professional Photographer in Marbella, Malaga - Costa del Sol \ud83d\udcf8 Book you dream photo shoot by Gala Photography\",\"breadcrumb\":{\"@id\":\"https:\/\/photographermarbellagala.com\/contact\/\"},\"inLanguage\":\"es-ES\",\"potentialAction\":[{\"@type\":\"ReadAction\",\"target\":[\"https:\/\/photographermarbellagala.com\/contact\/\"]}]},{\"@type\":\"BreadcrumbList\",\"@id\":\"https:\/\/photographermarbellagala.com\/contact\/\",\"itemListElement\":[{\"@type\":\"ListItem\",\"position\":1,\"name\":\"\u0413\u043b\u0430\u0432\u043d\u0430\u044f \u0441\u0442\u0440\u0430\u043d\u0438\u0446\u0430\",\"item\":\"https:\/\/photographermarbellagala.com\/\"},{\"@type\":\"ListItem\",\"position\":2,\"name\":\"Contact\"}]},{\"@type\":\"WebSite\",\"@id\":\"https:\/\/photographermarbellagala.com\/#website\",\"url\":\"https:\/\/photographermarbellagala.com\/\",\"name\":\"Photographer Marbella Gala - Costa del Sol, Malaga Photography\",\"description\":\"Professional Photographer in Marbella, Malaga - Costa del Sol \ud83d\udcf8 Book you dream photo shoot by Gala Photography. Family, Wedding photographer\",\"publisher\":{\"@id\":\"https:\/\/photographermarbellagala.com\/#organization\"},\"alternateName\":\"Photographer Marbella Gala - Costa del Sol, Malaga Photography\",\"potentialAction\":[{\"@type\":\"SearchAction\",\"target\":{\"@type\":\"EntryPoint\",\"urlTemplate\":\"https:\/\/photographermarbellagala.com\/?s={search_term_string}\"},\"query-input\":{\"@type\":\"PropertyValueSpecification\",\"valueRequired\":true,\"valueName\":\"search_term_string\"}}],\"inLanguage\":\"es-ES\"},{\"@type\":\"Organization\",\"@id\":\"https:\/\/photographermarbellagala.com\/#organization\",\"name\":\"Photographer Marbella Gala - Costa del Sol, Malaga Photography\",\"url\":\"https:\/\/photographermarbellagala.com\/\",\"logo\":{\"@type\":\"ImageObject\",\"inLanguage\":\"es-ES\",\"@id\":\"https:\/\/photographermarbellagala.com\/#\/schema\/logo\/image\/\",\"url\":\"https:\/\/photographermarbellagala.com\/wp-content\/uploads\/2026\/03\/marbella-photographer.png\",\"contentUrl\":\"https:\/\/photographermarbellagala.com\/wp-content\/uploads\/2026\/03\/marbella-photographer.png\",\"width\":1536,\"height\":1024,\"caption\":\"Photographer Marbella Gala - Costa del Sol, Malaga Photography\"},\"image\":{\"@id\":\"https:\/\/photographermarbellagala.com\/#\/schema\/logo\/image\/\"}}]}<\/script>\n<!-- \/ Yoast SEO plugin. -->","yoast_head_json":{"title":"Fot\u00f3grafo Marbella Gala - Costa del Sol, Fotograf\u00eda M\u00e1lagaGala - Costa del Sol, Malaga Ptotography","robots":{"index":"index","follow":"follow","max-snippet":"max-snippet:-1","max-image-preview":"max-image-preview:large","max-video-preview":"max-video-preview:-1"},"canonical":"https:\/\/photographermarbellagala.com\/es[:en]\/contact\/[:]","og_locale":"es_ES","og_type":"article","og_title":"[:en]Fot\u00f3grafo Marbella Gala - Costa del Sol, Fotograf\u00eda M\u00e1lagaGala - Costa del Sol, Malaga Ptotography[:]","og_description":"Professional Photographer in Marbella, Malaga - Costa del Sol \ud83d\udcf8 Book you dream photo shoot by Gala Photography","og_url":"https:\/\/photographermarbellagala.com\/es\/contact\/","og_site_name":"Fot\u00f3grafo Marbella Gala - Costa del Sol, Fotograf\u00eda M\u00e1laga","article_modified_time":"2025-03-14T14:57:10+00:00","og_image":[{"width":2500,"height":1669,"url":"https:\/\/photographermarbellagala.com\/wp-content\/uploads\/2025\/01\/DSC_0022.jpg","type":"image\/jpeg"}],"twitter_card":"summary_large_image","schema":{"@context":"https:\/\/schema.org","@graph":[{"@type":"WebPage","@id":"https:\/\/photographermarbellagala.com\/contact\/","url":"https:\/\/photographermarbellagala.com\/contact\/","name":"Fot\u00f3grafo Marbella Gala - Costa del Sol, Fotograf\u00eda M\u00e1lagaGala - Costa del Sol, Malaga Ptotography","isPartOf":{"@id":"https:\/\/photographermarbellagala.com\/#website"},"datePublished":"2024-12-28T21:48:45+00:00","dateModified":"2025-03-14T14:57:10+00:00","description":"Professional Photographer in Marbella, Malaga - Costa del Sol \ud83d\udcf8 Book you dream photo shoot by Gala Photography","breadcrumb":{"@id":"https:\/\/photographermarbellagala.com\/contact\/"},"inLanguage":"es-ES","potentialAction":[{"@type":"ReadAction","target":["https:\/\/photographermarbellagala.com\/contact\/"]}]},{"@type":"BreadcrumbList","@id":"https:\/\/photographermarbellagala.com\/contact\/","itemListElement":[{"@type":"ListItem","position":1,"name":"\u0413\u043b\u0430\u0432\u043d\u0430\u044f \u0441\u0442\u0440\u0430\u043d\u0438\u0446\u0430","item":"https:\/\/photographermarbellagala.com\/"},{"@type":"ListItem","position":2,"name":"Contact"}]},{"@type":"WebSite","@id":"https:\/\/photographermarbellagala.com\/#website","url":"https:\/\/photographermarbellagala.com\/","name":"Photographer Marbella Gala - Costa del Sol, Malaga Photography","description":"Professional Photographer in Marbella, Malaga - Costa del Sol \ud83d\udcf8 Book you dream photo shoot by Gala Photography. Family, Wedding photographer","publisher":{"@id":"https:\/\/photographermarbellagala.com\/#organization"},"alternateName":"Photographer Marbella Gala - Costa del Sol, Malaga Photography","potentialAction":[{"@type":"SearchAction","target":{"@type":"EntryPoint","urlTemplate":"https:\/\/photographermarbellagala.com\/?s={search_term_string}"},"query-input":{"@type":"PropertyValueSpecification","valueRequired":true,"valueName":"search_term_string"}}],"inLanguage":"es-ES"},{"@type":"Organization","@id":"https:\/\/photographermarbellagala.com\/#organization","name":"Photographer Marbella Gala - Costa del Sol, Malaga Photography","url":"https:\/\/photographermarbellagala.com\/","logo":{"@type":"ImageObject","inLanguage":"es-ES","@id":"https:\/\/photographermarbellagala.com\/#\/schema\/logo\/image\/","url":"https:\/\/photographermarbellagala.com\/wp-content\/uploads\/2026\/03\/marbella-photographer.png","contentUrl":"https:\/\/photographermarbellagala.com\/wp-content\/uploads\/2026\/03\/marbella-photographer.png","width":1536,"height":1024,"caption":"Photographer Marbella Gala - Costa del Sol, Malaga Photography"},"image":{"@id":"https:\/\/photographermarbellagala.com\/#\/schema\/logo\/image\/"}}]}},"_links":{"self":[{"href":"https:\/\/photographermarbellagala.com\/es\/wp-json\/wp\/v2\/pages\/31","targetHints":{"allow":["GET"]}}],"collection":[{"href":"https:\/\/photographermarbellagala.com\/es\/wp-json\/wp\/v2\/pages"}],"about":[{"href":"https:\/\/photographermarbellagala.com\/es\/wp-json\/wp\/v2\/types\/page"}],"author":[{"embeddable":true,"href":"https:\/\/photographermarbellagala.com\/es\/wp-json\/wp\/v2\/users\/1"}],"replies":[{"embeddable":true,"href":"https:\/\/photographermarbellagala.com\/es\/wp-json\/wp\/v2\/comments?post=31"}],"version-history":[{"count":9,"href":"https:\/\/photographermarbellagala.com\/es\/wp-json\/wp\/v2\/pages\/31\/revisions"}],"predecessor-version":[{"id":402,"href":"https:\/\/photographermarbellagala.com\/es\/wp-json\/wp\/v2\/pages\/31\/revisions\/402"}],"wp:attachment":[{"href":"https:\/\/photographermarbellagala.com\/es\/wp-json\/wp\/v2\/media?parent=31"}],"curies":[{"name":"wp","href":"https:\/\/api.w.org\/{rel}","templated":true}]}}